{"id":2,"date":"2018-11-11T17:55:21","date_gmt":"2018-11-11T16:55:21","guid":{"rendered":"http:\/\/www.harmoniedunord.org\/wp\/?page_id=2"},"modified":"2025-04-08T11:27:51","modified_gmt":"2025-04-08T09:27:51","slug":"page-d-exemple","status":"publish","type":"page","link":"https:\/\/www.harmoniedunord.org\/?page_id=2","title":{"rendered":"Histoire"},"content":{"rendered":"\t\t<div data-elementor-type=\"wp-page\" data-elementor-id=\"2\" class=\"elementor elementor-2\">\n\t\t\t\t\t\t<section class=\"elementor-section elementor-top-section elementor-element elementor-element-1751f130 elementor-section-boxed elementor-section-height-default elementor-section-height-default wpr-particle-no wpr-jarallax-no wpr-parallax-no wpr-sticky-section-no wpr-equal-height-no\" data-id=\"1751f130\" data-element_type=\"section\" data-e-type=\"section\">\n\t\t\t\t\t\t<div class=\"elementor-container elementor-column-gap-default\">\n\t\t\t\t\t<div class=\"elementor-column elementor-col-100 elementor-top-column elementor-element elementor-element-331f5206\" data-id=\"331f5206\" data-element_type=\"column\" data-e-type=\"column\">\n\t\t\t<div class=\"elementor-widget-wrap elementor-element-populated\">\n\t\t\t\t\t\t<div class=\"elementor-element elementor-element-54ac889a elementor-widget elementor-widget-text-editor\" data-id=\"54ac889a\" data-element_type=\"widget\" data-e-type=\"widget\" data-widget_type=\"text-editor.default\">\n\t\t\t\t<div class=\"elementor-widget-container\">\n\t\t\t\t\t\t\t\t\t<p>\u00a0<\/p><p>D\u00e9but 1893, des ouvriers employ\u00e9s des Ateliers de la Traction de \u00ab\u00a0PARIS LA CHAPELLE\u00a0\u00bb fond\u00e8rent l&rsquo;UNION MUSICALE DES CHEMINS DE FER DU NORD.<\/p><p><img decoding=\"async\" class=\"\" src=\"http:\/\/harmoniedunord.org\/Images\/BlasonHistorique.jpg\" alt=\"blason\" width=\"159\" height=\"278\" align=\"left\" hspace=\"25\" \/><\/p><p>Le premier concert fut donn\u00e9 le 15 juin 1893 au square SAINT BERNARD (PARIS 18e).<br \/>La Soci\u00e9t\u00e9 participa d\u00e8s 1894 \u00e0 de nombreux concours dont celui d&rsquo;ENGHIEN-LES-BAINS, le 25 ao\u00fbt 1895.<br \/>Citons \u00e9galement une participation \u00e0 l&rsquo;Exposition Universelle de PARIS (1900) et un concert lors de l&rsquo;Exposition Internationale de LIEGE (1905), soit seulement 12 ans apr\u00e8s sa cr\u00e9ation.<br \/>C&rsquo;est \u00e0 cette \u00e9poque que la Soci\u00e9t\u00e9 prit le nom d&rsquo;ORCHESTRE D&rsquo;HARMONIE DU CHEMIN DE FER DU NORD. Elle comptait alors 130 musiciens.<\/p><p><a href=\"http:\/\/harmoniedunord.org\/Images\/ohcf-1900.jpg\"><img decoding=\"async\" src=\"http:\/\/harmoniedunord.org\/Images\/ohcf-1900-petit.jpg\" alt=\"photo 1900\" \/><\/a><\/p><p>\u00a0<\/p><p>Puis vint, apr\u00e8s la guerre 1914-1918, le Concours International d&rsquo;AUXERRE (1921), le grand Concours International d&rsquo;ALGER (1930) et les concerts \u00e0 SPA (1936) et ZURICH (1936).<br \/>Pendant la p\u00e9riode noire de la guerre 1940-1945, l&rsquo;Orchestre d&rsquo;Harmonie continua \u00e0 donner chaque ann\u00e9e un concert Salle PLEYEL \u00e0 PARIS.<\/p><p>Apr\u00e8s la guerre, elle eut l&rsquo;occasion de jouer en BELGIQUE, en ALLEMAGNE, en SUISSE, au LUXEMBOURG, en AUTRICHE et dans de tr\u00e8s nombreuses villes de l&rsquo;hexagone.<br \/>Il faut citer aussi les passages \u00e0 la t\u00e9l\u00e9vision dans les \u00e9missions \u00a0\u00bb\u00a0Le Monde de la Musique\u00a0\u00ab\u00a0, \u00a0\u00bb\u00a0Les Musiciens du Soir\u00a0\u00a0\u00bb et \u00a0\u00bb\u00a0la T\u00eate et les Jambes\u00a0\u00ab\u00a0.<br \/>Mentionnons \u00e9galement les concerts de squares organis\u00e9s avec la Ville de PARIS, l&rsquo;animation d&rsquo;\u00e9preuves sportives comme le Marathon de PARIS et la course PARIS-VERSAILLES, les services comm\u00e9moratifs de la SNCF, etc&#8230;<\/p><p>L&rsquo;Orchestre d&rsquo;Harmonie du Chemin de Fer du Nord a f\u00eat\u00e9 son centenaire en 1993 par deux grands concerts, donn\u00e9s respectivement \u00e0 la Mairie du 18e Arrondissement de PARIS et au Th\u00e9\u00e2tre du Casino d&rsquo;ENGHIEN-LES-BAINS.<\/p><h3>Les Chefs d&rsquo;Orchestre, depuis la fondation\u00a0:<\/h3><table border=\"0\" cellpadding=\"3\" align=\"center\"><tbody><tr><td align=\"center\">1893 &#8211; 1913<\/td><td>M. Porte (fondateur)<\/td><\/tr><tr><td align=\"center\">1914 &#8211; 1939<\/td><td>M. Bey<\/td><\/tr><tr><td align=\"center\">1940 &#8211; 1952<\/td><td>M. Faroux<\/td><\/tr><tr><td align=\"center\">1953 &#8211; 1958<\/td><td>M. Humi\u00e8re<\/td><\/tr><tr><td align=\"center\">1959 &#8211; 1964<\/td><td>M. Micheland<\/td><\/tr><tr><td align=\"center\">1965 &#8211; 1972<\/td><td>M. Amedro<\/td><\/tr><tr><td align=\"center\">1973 &#8211; 1982<\/td><td>M. Ducrocq<\/td><\/tr><tr><td align=\"center\">1983 &#8211; 1985<\/td><td>M. Mansion<\/td><\/tr><tr><td align=\"center\">1986 &#8211; 1987<\/td><td>M. Guion<\/td><\/tr><tr><td align=\"center\">1988 &#8211; 1991<\/td><td>M. Dotton<\/td><\/tr><tr><td align=\"center\">1992 &#8211; 1995<\/td><td>M. Bruxelle<\/td><\/tr><tr><td align=\"center\">1996 &#8211; 1997<\/td><td>M. Wolezyck<\/td><\/tr><tr><td align=\"center\">\u00a0Depuis 1997<\/td><td>M. Boutemy<\/td><\/tr><\/tbody><\/table>\t\t\t\t\t\t\t\t<\/div>\n\t\t\t\t<\/div>\n\t\t\t\t\t<\/div>\n\t\t<\/div>\n\t\t\t\t\t<\/div>\n\t\t<\/section>\n\t\t\t\t<\/div>\n\t\t","protected":false},"excerpt":{"rendered":"<p>\u00a0 D\u00e9but 1893, des ouvriers employ\u00e9s des Ateliers de la Traction de \u00ab\u00a0PARIS LA CHAPELLE\u00a0\u00bb fond\u00e8rent l&rsquo;UNION MUSICALE DES CHEMINS DE FER DU NORD. Le premier concert fut donn\u00e9 le 15 juin 1893 au square SAINT BERNARD (PARIS 18e).La Soci\u00e9t\u00e9 participa d\u00e8s 1894 \u00e0 de nombreux concours dont celui d&rsquo;ENGHIEN-LES-BAINS, le 25 ao\u00fbt 1895.Citons \u00e9galement une participation \u00e0 l&rsquo;Exposition Universelle de PARIS (1900) et un concert lors de l&rsquo;Exposition Internationale de LIEGE (1905), soit seulement 12 ans apr\u00e8s sa cr\u00e9ation.C&rsquo;est \u00e0 cette \u00e9poque que la Soci\u00e9t\u00e9 prit le nom d&rsquo;ORCHESTRE D&rsquo;HARMONIE DU CHEMIN DE FER DU NORD. Elle comptait alors 130 musiciens. \u00a0 Puis vint, apr\u00e8s la guerre 1914-1918, le Concours International d&rsquo;AUXERRE (1921), le grand Concours International d&rsquo;ALGER (1930) et les concerts \u00e0 SPA (1936) et ZURICH (1936).Pendant la p\u00e9riode noire de la guerre 1940-1945, l&rsquo;Orchestre d&rsquo;Harmonie continua \u00e0 donner chaque ann\u00e9e un concert Salle PLEYEL \u00e0 PARIS. Apr\u00e8s la guerre, elle eut l&rsquo;occasion de jouer en BELGIQUE, en ALLEMAGNE, en SUISSE, au LUXEMBOURG, en AUTRICHE et dans de tr\u00e8s nombreuses villes de l&rsquo;hexagone.Il faut citer aussi les passages \u00e0 la t\u00e9l\u00e9vision dans les \u00e9missions \u00a0\u00bb\u00a0Le Monde de la Musique\u00a0\u00ab\u00a0, \u00a0\u00bb\u00a0Les Musiciens du Soir\u00a0\u00a0\u00bb et \u00a0\u00bb\u00a0la T\u00eate et les Jambes\u00a0\u00ab\u00a0.Mentionnons \u00e9galement les concerts de squares organis\u00e9s avec la Ville de PARIS, l&rsquo;animation d&rsquo;\u00e9preuves sportives comme le Marathon de PARIS et la course PARIS-VERSAILLES, les services comm\u00e9moratifs de la SNCF, etc&#8230; L&rsquo;Orchestre d&rsquo;Harmonie du Chemin de Fer du Nord a f\u00eat\u00e9 son centenaire en 1993 par deux grands concerts, donn\u00e9s respectivement \u00e0 la Mairie du 18e Arrondissement de PARIS et au Th\u00e9\u00e2tre du Casino d&rsquo;ENGHIEN-LES-BAINS. Les Chefs d&rsquo;Orchestre, depuis la fondation\u00a0: 1893 &#8211; 1913 M. Porte (fondateur) 1914 &#8211; 1939 M. Bey 1940 &#8211; 1952 M. Faroux 1953 &#8211; 1958 M. Humi\u00e8re 1959 &#8211; 1964 M. Micheland 1965 &#8211; 1972 M. Amedro 1973 &#8211; 1982 M. Ducrocq 1983 &#8211; 1985 M. Mansion 1986 &#8211; 1987 M. Guion 1988 &#8211; 1991 M. Dotton 1992 &#8211; 1995 M. Bruxelle 1996 &#8211; 1997 M. Wolezyck \u00a0Depuis 1997 M. Boutemy<\/p>\n","protected":false},"author":5,"featured_media":0,"parent":0,"menu_order":2,"comment_status":"closed","ping_status":"closed","template":"elementor_header_footer","meta":{"ngg_post_thumbnail":0,"footnotes":""},"class_list":["post-2","page","type-page","status-publish","hentry"],"_links":{"self":[{"href":"https:\/\/www.harmoniedunord.org\/index.php?rest_route=\/wp\/v2\/pages\/2","targetHints":{"allow":["GET"]}}],"collection":[{"href":"https:\/\/www.harmoniedunord.org\/index.php?rest_route=\/wp\/v2\/pages"}],"about":[{"href":"https:\/\/www.harmoniedunord.org\/index.php?rest_route=\/wp\/v2\/types\/page"}],"author":[{"embeddable":true,"href":"https:\/\/www.harmoniedunord.org\/index.php?rest_route=\/wp\/v2\/users\/5"}],"replies":[{"embeddable":true,"href":"https:\/\/www.harmoniedunord.org\/index.php?rest_route=%2Fwp%2Fv2%2Fcomments&post=2"}],"version-history":[{"count":6,"href":"https:\/\/www.harmoniedunord.org\/index.php?rest_route=\/wp\/v2\/pages\/2\/revisions"}],"predecessor-version":[{"id":725,"href":"https:\/\/www.harmoniedunord.org\/index.php?rest_route=\/wp\/v2\/pages\/2\/revisions\/725"}],"wp:attachment":[{"href":"https:\/\/www.harmoniedunord.org\/index.php?rest_route=%2Fwp%2Fv2%2Fmedia&parent=2"}],"curies":[{"name":"wp","href":"https:\/\/api.w.org\/{rel}","templated":true}]}}