{"id":51,"date":"2018-11-15T00:22:05","date_gmt":"2018-11-14T23:22:05","guid":{"rendered":"https:\/\/www.harmoniedunord.org\/wp\/?page_id=51"},"modified":"2025-04-08T18:52:38","modified_gmt":"2025-04-08T16:52:38","slug":"rejoignez-nous","status":"publish","type":"page","link":"https:\/\/www.harmoniedunord.org\/?page_id=51","title":{"rendered":"Rejoignez-nous !"},"content":{"rendered":"\t\t<div data-elementor-type=\"wp-page\" data-elementor-id=\"51\" class=\"elementor elementor-51\">\n\t\t\t\t\t\t<section class=\"elementor-section elementor-top-section elementor-element elementor-element-775e3018 elementor-section-boxed elementor-section-height-default elementor-section-height-default wpr-particle-no wpr-jarallax-no wpr-parallax-no wpr-sticky-section-no wpr-equal-height-no\" data-id=\"775e3018\" data-element_type=\"section\" data-e-type=\"section\">\n\t\t\t\t\t\t<div class=\"elementor-container elementor-column-gap-default\">\n\t\t\t\t\t<div class=\"elementor-column elementor-col-100 elementor-top-column elementor-element elementor-element-44fcbd00\" data-id=\"44fcbd00\" data-element_type=\"column\" data-e-type=\"column\">\n\t\t\t<div class=\"elementor-widget-wrap elementor-element-populated\">\n\t\t\t\t\t\t<div class=\"elementor-element elementor-element-387d1cf elementor-widget elementor-widget-text-editor\" data-id=\"387d1cf\" data-element_type=\"widget\" data-e-type=\"widget\" data-widget_type=\"text-editor.default\">\n\t\t\t\t<div class=\"elementor-widget-container\">\n\t\t\t\t\t\t\t\t\t<h2>L&rsquo;OHCF recrute des musiciens.<\/h2><p>\u00a0<\/p><p>L&rsquo;orchestre est compos\u00e9 de musiciens amateurs,\u00a0 cheminots ou non.<\/p><p>Tu as 5 ans minimum de pratique instrumentale et tu es int\u00e9ress\u00e9.e pour rejoindre une harmonie active et accueillante ?<\/p><p>Tu es au bon endroit, <a href=\"http:\/\/secretaire-ohcf@harmoniedunord.org\">contacte-nous sans tarder<\/a>\u00a0!<\/p><p>R\u00e9p\u00e9titions tous les mercredis soirs (sauf en juillet et ao\u00fbt) de 20h \u00e0 22h, Paris 10\u00e8me, entre Gare du Nord et Gare de l&rsquo;Est.<\/p><p>La cotisation annuelle est de 10 euros pour les cheminots et de 13 euros pour les non-cheminots.<\/p><p>T\u00e9l\u00e9phone : 06 07 53 16 05<\/p><p><img fetchpriority=\"high\" decoding=\"async\" class=\"alignnone size-medium wp-image-165\" src=\"https:\/\/www.harmoniedunord.org\/wp-content\/uploads\/2018\/11\/instruments-de-musique-recrutement-300x171.png\" alt=\"\" width=\"300\" height=\"171\" srcset=\"https:\/\/www.harmoniedunord.org\/wp-content\/uploads\/2018\/11\/instruments-de-musique-recrutement-300x171.png 300w, https:\/\/www.harmoniedunord.org\/wp-content\/uploads\/2018\/11\/instruments-de-musique-recrutement-768x436.png 768w, https:\/\/www.harmoniedunord.org\/wp-content\/uploads\/2018\/11\/instruments-de-musique-recrutement-1024x582.png 1024w, https:\/\/www.harmoniedunord.org\/wp-content\/uploads\/2018\/11\/instruments-de-musique-recrutement-1140x648.png 1140w, https:\/\/www.harmoniedunord.org\/wp-content\/uploads\/2018\/11\/instruments-de-musique-recrutement.png 1200w\" sizes=\"(max-width: 300px) 100vw, 300px\" \/><\/p>\t\t\t\t\t\t\t\t<\/div>\n\t\t\t\t<\/div>\n\t\t\t\t\t<\/div>\n\t\t<\/div>\n\t\t\t\t\t<\/div>\n\t\t<\/section>\n\t\t\t\t<\/div>\n\t\t","protected":false},"excerpt":{"rendered":"<p>L&rsquo;OHCF recrute des musiciens. \u00a0 L&rsquo;orchestre est compos\u00e9 de musiciens amateurs,\u00a0 cheminots ou non. Tu as 5 ans minimum de pratique instrumentale et tu es int\u00e9ress\u00e9.e pour rejoindre une harmonie active et accueillante ? Tu es au bon endroit, contacte-nous sans tarder\u00a0! R\u00e9p\u00e9titions tous les mercredis soirs (sauf en juillet et ao\u00fbt) de 20h \u00e0 22h, Paris 10\u00e8me, entre Gare du Nord et Gare de l&rsquo;Est. La cotisation annuelle est de 10 euros pour les cheminots et de 13 euros pour les non-cheminots. T\u00e9l\u00e9phone : 06 07 53 16 05<\/p>\n","protected":false},"author":5,"featured_media":0,"parent":0,"menu_order":0,"comment_status":"closed","ping_status":"closed","template":"elementor_header_footer","meta":{"ngg_post_thumbnail":0,"footnotes":""},"class_list":["post-51","page","type-page","status-publish","hentry"],"_links":{"self":[{"href":"https:\/\/www.harmoniedunord.org\/index.php?rest_route=\/wp\/v2\/pages\/51","targetHints":{"allow":["GET"]}}],"collection":[{"href":"https:\/\/www.harmoniedunord.org\/index.php?rest_route=\/wp\/v2\/pages"}],"about":[{"href":"https:\/\/www.harmoniedunord.org\/index.php?rest_route=\/wp\/v2\/types\/page"}],"author":[{"embeddable":true,"href":"https:\/\/www.harmoniedunord.org\/index.php?rest_route=\/wp\/v2\/users\/5"}],"replies":[{"embeddable":true,"href":"https:\/\/www.harmoniedunord.org\/index.php?rest_route=%2Fwp%2Fv2%2Fcomments&post=51"}],"version-history":[{"count":43,"href":"https:\/\/www.harmoniedunord.org\/index.php?rest_route=\/wp\/v2\/pages\/51\/revisions"}],"predecessor-version":[{"id":835,"href":"https:\/\/www.harmoniedunord.org\/index.php?rest_route=\/wp\/v2\/pages\/51\/revisions\/835"}],"wp:attachment":[{"href":"https:\/\/www.harmoniedunord.org\/index.php?rest_route=%2Fwp%2Fv2%2Fmedia&parent=51"}],"curies":[{"name":"wp","href":"https:\/\/api.w.org\/{rel}","templated":true}]}}