{"id":53,"date":"2018-11-15T00:25:14","date_gmt":"2018-11-14T23:25:14","guid":{"rendered":"https:\/\/www.harmoniedunord.org\/wp\/?page_id=53"},"modified":"2025-10-12T20:05:31","modified_gmt":"2025-10-12T18:05:31","slug":"salle-de-repetition","status":"publish","type":"page","link":"https:\/\/www.harmoniedunord.org\/?page_id=53","title":{"rendered":"Photos"},"content":{"rendered":"\t\t<div data-elementor-type=\"wp-page\" data-elementor-id=\"53\" class=\"elementor elementor-53\">\n\t\t\t\t\t\t<section class=\"elementor-section elementor-top-section elementor-element elementor-element-cad8f2d elementor-section-boxed elementor-section-height-default elementor-section-height-default wpr-particle-no wpr-jarallax-no wpr-parallax-no wpr-sticky-section-no wpr-equal-height-no\" data-id=\"cad8f2d\" data-element_type=\"section\" data-e-type=\"section\">\n\t\t\t\t\t\t<div class=\"elementor-container elementor-column-gap-default\">\n\t\t\t\t\t<div class=\"elementor-column elementor-col-50 elementor-top-column elementor-element elementor-element-3f23dbc\" data-id=\"3f23dbc\" data-element_type=\"column\" data-e-type=\"column\">\n\t\t\t<div class=\"elementor-widget-wrap elementor-element-populated\">\n\t\t\t\t\t\t<div class=\"elementor-element elementor-element-851fe79 elementor-widget elementor-widget-heading\" data-id=\"851fe79\" data-element_type=\"widget\" data-e-type=\"widget\" data-widget_type=\"heading.default\">\n\t\t\t\t<div class=\"elementor-widget-container\">\n\t\t\t\t\t<h2 class=\"elementor-heading-title elementor-size-default\">Concert Th\u00e9\u00e2tre Traversi\u00e8re - Mars 2024<\/h2>\t\t\t\t<\/div>\n\t\t\t\t<\/div>\n\t\t\t\t<div class=\"elementor-element elementor-element-c0ab049 elementor-widget elementor-widget-image\" data-id=\"c0ab049\" data-element_type=\"widget\" data-e-type=\"widget\" data-widget_type=\"image.default\">\n\t\t\t\t<div class=\"elementor-widget-container\">\n\t\t\t\t\t\t\t\t\t\t\t\t\t\t\t<img fetchpriority=\"high\" decoding=\"async\" width=\"960\" height=\"720\" src=\"https:\/\/www.harmoniedunord.org\/wp-content\/uploads\/2025\/04\/IMG_0554-1024x768.jpg\" class=\"attachment-large size-large wp-image-784\" alt=\"\" srcset=\"https:\/\/www.harmoniedunord.org\/wp-content\/uploads\/2025\/04\/IMG_0554-1024x768.jpg 1024w, https:\/\/www.harmoniedunord.org\/wp-content\/uploads\/2025\/04\/IMG_0554-300x225.jpg 300w, https:\/\/www.harmoniedunord.org\/wp-content\/uploads\/2025\/04\/IMG_0554-768x576.jpg 768w, https:\/\/www.harmoniedunord.org\/wp-content\/uploads\/2025\/04\/IMG_0554-1536x1152.jpg 1536w, https:\/\/www.harmoniedunord.org\/wp-content\/uploads\/2025\/04\/IMG_0554-2048x1536.jpg 2048w, https:\/\/www.harmoniedunord.org\/wp-content\/uploads\/2025\/04\/IMG_0554-1140x855.jpg 1140w\" sizes=\"(max-width: 960px) 100vw, 960px\" \/>\t\t\t\t\t\t\t\t\t\t\t\t\t\t\t<\/div>\n\t\t\t\t<\/div>\n\t\t\t\t<div class=\"elementor-element elementor-element-d20587d elementor-widget elementor-widget-image\" data-id=\"d20587d\" data-element_type=\"widget\" data-e-type=\"widget\" data-widget_type=\"image.default\">\n\t\t\t\t<div class=\"elementor-widget-container\">\n\t\t\t\t\t\t\t\t\t\t\t\t\t\t\t<img decoding=\"async\" width=\"768\" height=\"1024\" src=\"https:\/\/www.harmoniedunord.org\/wp-content\/uploads\/2025\/04\/IMG_0583-768x1024.jpg\" class=\"attachment-large size-large wp-image-786\" alt=\"\" srcset=\"https:\/\/www.harmoniedunord.org\/wp-content\/uploads\/2025\/04\/IMG_0583-768x1024.jpg 768w, https:\/\/www.harmoniedunord.org\/wp-content\/uploads\/2025\/04\/IMG_0583-225x300.jpg 225w, https:\/\/www.harmoniedunord.org\/wp-content\/uploads\/2025\/04\/IMG_0583-1152x1536.jpg 1152w, https:\/\/www.harmoniedunord.org\/wp-content\/uploads\/2025\/04\/IMG_0583-1536x2048.jpg 1536w, https:\/\/www.harmoniedunord.org\/wp-content\/uploads\/2025\/04\/IMG_0583-1140x1520.jpg 1140w, https:\/\/www.harmoniedunord.org\/wp-content\/uploads\/2025\/04\/IMG_0583-scaled.jpg 1920w\" sizes=\"(max-width: 768px) 100vw, 768px\" \/>\t\t\t\t\t\t\t\t\t\t\t\t\t\t\t<\/div>\n\t\t\t\t<\/div>\n\t\t\t\t\t<\/div>\n\t\t<\/div>\n\t\t\t\t<div class=\"elementor-column elementor-col-50 elementor-top-column elementor-element elementor-element-7ea22a4\" data-id=\"7ea22a4\" data-element_type=\"column\" data-e-type=\"column\">\n\t\t\t<div class=\"elementor-widget-wrap elementor-element-populated\">\n\t\t\t\t\t\t<div class=\"elementor-element elementor-element-e2c2024 elementor-widget elementor-widget-image\" data-id=\"e2c2024\" data-element_type=\"widget\" data-e-type=\"widget\" data-widget_type=\"image.default\">\n\t\t\t\t<div class=\"elementor-widget-container\">\n\t\t\t\t\t\t\t\t\t\t\t\t\t\t\t<img decoding=\"async\" width=\"768\" height=\"1024\" src=\"https:\/\/www.harmoniedunord.org\/wp-content\/uploads\/2025\/04\/IMG_0613-768x1024.jpg\" class=\"attachment-large size-large wp-image-787\" alt=\"\" srcset=\"https:\/\/www.harmoniedunord.org\/wp-content\/uploads\/2025\/04\/IMG_0613-768x1024.jpg 768w, https:\/\/www.harmoniedunord.org\/wp-content\/uploads\/2025\/04\/IMG_0613-225x300.jpg 225w, https:\/\/www.harmoniedunord.org\/wp-content\/uploads\/2025\/04\/IMG_0613-1152x1536.jpg 1152w, https:\/\/www.harmoniedunord.org\/wp-content\/uploads\/2025\/04\/IMG_0613-1536x2048.jpg 1536w, https:\/\/www.harmoniedunord.org\/wp-content\/uploads\/2025\/04\/IMG_0613-1140x1520.jpg 1140w, https:\/\/www.harmoniedunord.org\/wp-content\/uploads\/2025\/04\/IMG_0613-scaled.jpg 1920w\" sizes=\"(max-width: 768px) 100vw, 768px\" \/>\t\t\t\t\t\t\t\t\t\t\t\t\t\t\t<\/div>\n\t\t\t\t<\/div>\n\t\t\t\t<div class=\"elementor-element elementor-element-6b16083 elementor-widget elementor-widget-image\" data-id=\"6b16083\" data-element_type=\"widget\" data-e-type=\"widget\" data-widget_type=\"image.default\">\n\t\t\t\t<div class=\"elementor-widget-container\">\n\t\t\t\t\t\t\t\t\t\t\t\t\t\t\t<img loading=\"lazy\" decoding=\"async\" width=\"960\" height=\"720\" src=\"https:\/\/www.harmoniedunord.org\/wp-content\/uploads\/2025\/04\/IMG_0571-1-1024x768.jpg\" class=\"attachment-large size-large wp-image-785\" alt=\"\" srcset=\"https:\/\/www.harmoniedunord.org\/wp-content\/uploads\/2025\/04\/IMG_0571-1-1024x768.jpg 1024w, https:\/\/www.harmoniedunord.org\/wp-content\/uploads\/2025\/04\/IMG_0571-1-300x225.jpg 300w, https:\/\/www.harmoniedunord.org\/wp-content\/uploads\/2025\/04\/IMG_0571-1-768x576.jpg 768w, https:\/\/www.harmoniedunord.org\/wp-content\/uploads\/2025\/04\/IMG_0571-1-1536x1152.jpg 1536w, https:\/\/www.harmoniedunord.org\/wp-content\/uploads\/2025\/04\/IMG_0571-1-2048x1536.jpg 2048w, https:\/\/www.harmoniedunord.org\/wp-content\/uploads\/2025\/04\/IMG_0571-1-1140x855.jpg 1140w\" sizes=\"(max-width: 960px) 100vw, 960px\" \/>\t\t\t\t\t\t\t\t\t\t\t\t\t\t\t<\/div>\n\t\t\t\t<\/div>\n\t\t\t\t\t<\/div>\n\t\t<\/div>\n\t\t\t\t\t<\/div>\n\t\t<\/section>\n\t\t\t\t<section class=\"elementor-section elementor-top-section elementor-element elementor-element-00fb88f elementor-section-boxed elementor-section-height-default elementor-section-height-default wpr-particle-no wpr-jarallax-no wpr-parallax-no wpr-sticky-section-no wpr-equal-height-no\" data-id=\"00fb88f\" data-element_type=\"section\" data-e-type=\"section\">\n\t\t\t\t\t\t<div class=\"elementor-container elementor-column-gap-default\">\n\t\t\t\t\t<div class=\"elementor-column elementor-col-100 elementor-top-column elementor-element elementor-element-61265aa\" data-id=\"61265aa\" data-element_type=\"column\" data-e-type=\"column\">\n\t\t\t<div class=\"elementor-widget-wrap elementor-element-populated\">\n\t\t\t\t\t\t<section class=\"elementor-section elementor-inner-section elementor-element elementor-element-6515aae elementor-section-boxed elementor-section-height-default elementor-section-height-default wpr-particle-no wpr-jarallax-no wpr-parallax-no wpr-sticky-section-no wpr-equal-height-no\" data-id=\"6515aae\" data-element_type=\"section\" data-e-type=\"section\">\n\t\t\t\t\t\t<div class=\"elementor-container elementor-column-gap-default\">\n\t\t\t\t\t<div class=\"elementor-column elementor-col-50 elementor-inner-column elementor-element elementor-element-415b2f3\" data-id=\"415b2f3\" data-element_type=\"column\" data-e-type=\"column\">\n\t\t\t<div class=\"elementor-widget-wrap elementor-element-populated\">\n\t\t\t\t\t\t<div class=\"elementor-element elementor-element-116666f elementor-widget elementor-widget-heading\" data-id=\"116666f\" data-element_type=\"widget\" data-e-type=\"widget\" data-widget_type=\"heading.default\">\n\t\t\t\t<div class=\"elementor-widget-container\">\n\t\t\t\t\t<h2 class=\"elementor-heading-title elementor-size-default\">Kiosques en F\u00eates - Juin 2024<\/h2>\t\t\t\t<\/div>\n\t\t\t\t<\/div>\n\t\t\t\t<div class=\"elementor-element elementor-element-715390b elementor-widget elementor-widget-image\" data-id=\"715390b\" data-element_type=\"widget\" data-e-type=\"widget\" data-widget_type=\"image.default\">\n\t\t\t\t<div class=\"elementor-widget-container\">\n\t\t\t\t\t\t\t\t\t\t\t\t\t\t\t<img loading=\"lazy\" decoding=\"async\" width=\"960\" height=\"540\" src=\"https:\/\/www.harmoniedunord.org\/wp-content\/uploads\/2025\/04\/20240616_112020-1024x576.jpg\" class=\"attachment-large size-large wp-image-790\" alt=\"\" srcset=\"https:\/\/www.harmoniedunord.org\/wp-content\/uploads\/2025\/04\/20240616_112020-1024x576.jpg 1024w, https:\/\/www.harmoniedunord.org\/wp-content\/uploads\/2025\/04\/20240616_112020-300x169.jpg 300w, https:\/\/www.harmoniedunord.org\/wp-content\/uploads\/2025\/04\/20240616_112020-768x432.jpg 768w, https:\/\/www.harmoniedunord.org\/wp-content\/uploads\/2025\/04\/20240616_112020-1536x864.jpg 1536w, https:\/\/www.harmoniedunord.org\/wp-content\/uploads\/2025\/04\/20240616_112020-2048x1152.jpg 2048w, https:\/\/www.harmoniedunord.org\/wp-content\/uploads\/2025\/04\/20240616_112020-1140x641.jpg 1140w\" sizes=\"(max-width: 960px) 100vw, 960px\" \/>\t\t\t\t\t\t\t\t\t\t\t\t\t\t\t<\/div>\n\t\t\t\t<\/div>\n\t\t\t\t<div class=\"elementor-element elementor-element-079b2ec elementor-widget elementor-widget-image\" data-id=\"079b2ec\" data-element_type=\"widget\" data-e-type=\"widget\" data-widget_type=\"image.default\">\n\t\t\t\t<div class=\"elementor-widget-container\">\n\t\t\t\t\t\t\t\t\t\t\t\t\t\t\t<img loading=\"lazy\" decoding=\"async\" width=\"960\" height=\"785\" src=\"https:\/\/www.harmoniedunord.org\/wp-content\/uploads\/2025\/04\/IMG-20240616-WA0062-1024x837.jpg\" class=\"attachment-large size-large wp-image-792\" alt=\"\" srcset=\"https:\/\/www.harmoniedunord.org\/wp-content\/uploads\/2025\/04\/IMG-20240616-WA0062-1024x837.jpg 1024w, https:\/\/www.harmoniedunord.org\/wp-content\/uploads\/2025\/04\/IMG-20240616-WA0062-300x245.jpg 300w, https:\/\/www.harmoniedunord.org\/wp-content\/uploads\/2025\/04\/IMG-20240616-WA0062-768x628.jpg 768w, https:\/\/www.harmoniedunord.org\/wp-content\/uploads\/2025\/04\/IMG-20240616-WA0062-1536x1256.jpg 1536w, https:\/\/www.harmoniedunord.org\/wp-content\/uploads\/2025\/04\/IMG-20240616-WA0062-1140x932.jpg 1140w, https:\/\/www.harmoniedunord.org\/wp-content\/uploads\/2025\/04\/IMG-20240616-WA0062.jpg 2048w\" sizes=\"(max-width: 960px) 100vw, 960px\" \/>\t\t\t\t\t\t\t\t\t\t\t\t\t\t\t<\/div>\n\t\t\t\t<\/div>\n\t\t\t\t\t<\/div>\n\t\t<\/div>\n\t\t\t\t<div class=\"elementor-column elementor-col-50 elementor-inner-column elementor-element elementor-element-67098ed\" data-id=\"67098ed\" data-element_type=\"column\" data-e-type=\"column\">\n\t\t\t<div class=\"elementor-widget-wrap elementor-element-populated\">\n\t\t\t\t\t\t<div class=\"elementor-element elementor-element-6e8ff83 elementor-widget elementor-widget-image\" data-id=\"6e8ff83\" data-element_type=\"widget\" data-e-type=\"widget\" data-widget_type=\"image.default\">\n\t\t\t\t<div class=\"elementor-widget-container\">\n\t\t\t\t\t\t\t\t\t\t\t\t\t\t\t<img loading=\"lazy\" decoding=\"async\" width=\"960\" height=\"540\" src=\"https:\/\/www.harmoniedunord.org\/wp-content\/uploads\/2025\/04\/kiosque-05-1024x576.jpg\" class=\"attachment-large size-large wp-image-789\" alt=\"\" srcset=\"https:\/\/www.harmoniedunord.org\/wp-content\/uploads\/2025\/04\/kiosque-05-1024x576.jpg 1024w, https:\/\/www.harmoniedunord.org\/wp-content\/uploads\/2025\/04\/kiosque-05-300x169.jpg 300w, https:\/\/www.harmoniedunord.org\/wp-content\/uploads\/2025\/04\/kiosque-05-768x432.jpg 768w, https:\/\/www.harmoniedunord.org\/wp-content\/uploads\/2025\/04\/kiosque-05-1536x864.jpg 1536w, https:\/\/www.harmoniedunord.org\/wp-content\/uploads\/2025\/04\/kiosque-05-1140x641.jpg 1140w, https:\/\/www.harmoniedunord.org\/wp-content\/uploads\/2025\/04\/kiosque-05.jpg 1920w\" sizes=\"(max-width: 960px) 100vw, 960px\" \/>\t\t\t\t\t\t\t\t\t\t\t\t\t\t\t<\/div>\n\t\t\t\t<\/div>\n\t\t\t\t<div class=\"elementor-element elementor-element-cd022b6 elementor-widget elementor-widget-image\" data-id=\"cd022b6\" data-element_type=\"widget\" data-e-type=\"widget\" data-widget_type=\"image.default\">\n\t\t\t\t<div class=\"elementor-widget-container\">\n\t\t\t\t\t\t\t\t\t\t\t\t\t\t\t<img loading=\"lazy\" decoding=\"async\" width=\"960\" height=\"541\" src=\"https:\/\/www.harmoniedunord.org\/wp-content\/uploads\/2025\/04\/20240616_152343-1024x577.jpg\" class=\"attachment-large size-large wp-image-791\" alt=\"\" srcset=\"https:\/\/www.harmoniedunord.org\/wp-content\/uploads\/2025\/04\/20240616_152343-1024x577.jpg 1024w, https:\/\/www.harmoniedunord.org\/wp-content\/uploads\/2025\/04\/20240616_152343-300x169.jpg 300w, https:\/\/www.harmoniedunord.org\/wp-content\/uploads\/2025\/04\/20240616_152343-768x433.jpg 768w, https:\/\/www.harmoniedunord.org\/wp-content\/uploads\/2025\/04\/20240616_152343-1536x865.jpg 1536w, https:\/\/www.harmoniedunord.org\/wp-content\/uploads\/2025\/04\/20240616_152343-2048x1154.jpg 2048w, https:\/\/www.harmoniedunord.org\/wp-content\/uploads\/2025\/04\/20240616_152343-1140x642.jpg 1140w\" sizes=\"(max-width: 960px) 100vw, 960px\" \/>\t\t\t\t\t\t\t\t\t\t\t\t\t\t\t<\/div>\n\t\t\t\t<\/div>\n\t\t\t\t\t<\/div>\n\t\t<\/div>\n\t\t\t\t\t<\/div>\n\t\t<\/section>\n\t\t\t\t\t<\/div>\n\t\t<\/div>\n\t\t\t\t\t<\/div>\n\t\t<\/section>\n\t\t\t\t<section class=\"elementor-section elementor-top-section elementor-element elementor-element-abe4d5b elementor-section-boxed elementor-section-height-default elementor-section-height-default wpr-particle-no wpr-jarallax-no wpr-parallax-no wpr-sticky-section-no wpr-equal-height-no\" data-id=\"abe4d5b\" data-element_type=\"section\" data-e-type=\"section\">\n\t\t\t\t\t\t<div class=\"elementor-container elementor-column-gap-default\">\n\t\t\t\t\t<div class=\"elementor-column elementor-col-100 elementor-top-column elementor-element elementor-element-650bf4e\" data-id=\"650bf4e\" data-element_type=\"column\" data-e-type=\"column\">\n\t\t\t<div class=\"elementor-widget-wrap elementor-element-populated\">\n\t\t\t\t\t\t<div class=\"elementor-element elementor-element-b04245d elementor-widget elementor-widget-heading\" data-id=\"b04245d\" data-element_type=\"widget\" data-e-type=\"widget\" data-widget_type=\"heading.default\">\n\t\t\t\t<div class=\"elementor-widget-container\">\n\t\t\t\t\t<h2 class=\"elementor-heading-title elementor-size-default\">Journ\u00e9es Europ\u00e9ennes du patrimoine - Gares du Nord et de l'Est<\/h2>\t\t\t\t<\/div>\n\t\t\t\t<\/div>\n\t\t\t\t<section class=\"elementor-section elementor-inner-section elementor-element elementor-element-b41e3c4 elementor-section-boxed elementor-section-height-default elementor-section-height-default wpr-particle-no wpr-jarallax-no wpr-parallax-no wpr-sticky-section-no wpr-equal-height-no\" data-id=\"b41e3c4\" data-element_type=\"section\" data-e-type=\"section\">\n\t\t\t\t\t\t<div class=\"elementor-container elementor-column-gap-default\">\n\t\t\t\t\t<div class=\"elementor-column elementor-col-50 elementor-inner-column elementor-element elementor-element-8f77501\" data-id=\"8f77501\" data-element_type=\"column\" data-e-type=\"column\">\n\t\t\t<div class=\"elementor-widget-wrap elementor-element-populated\">\n\t\t\t\t\t\t<div class=\"elementor-element elementor-element-3cc2f4f elementor-widget elementor-widget-image\" data-id=\"3cc2f4f\" data-element_type=\"widget\" data-e-type=\"widget\" data-widget_type=\"image.default\">\n\t\t\t\t<div class=\"elementor-widget-container\">\n\t\t\t\t\t\t\t\t\t\t\t\t\t\t\t<img loading=\"lazy\" decoding=\"async\" width=\"960\" height=\"720\" src=\"https:\/\/www.harmoniedunord.org\/wp-content\/uploads\/2025\/04\/IMG_2554-1024x768.jpg\" class=\"attachment-large size-large wp-image-795\" alt=\"\" srcset=\"https:\/\/www.harmoniedunord.org\/wp-content\/uploads\/2025\/04\/IMG_2554-1024x768.jpg 1024w, https:\/\/www.harmoniedunord.org\/wp-content\/uploads\/2025\/04\/IMG_2554-300x225.jpg 300w, https:\/\/www.harmoniedunord.org\/wp-content\/uploads\/2025\/04\/IMG_2554-768x576.jpg 768w, https:\/\/www.harmoniedunord.org\/wp-content\/uploads\/2025\/04\/IMG_2554-1536x1152.jpg 1536w, https:\/\/www.harmoniedunord.org\/wp-content\/uploads\/2025\/04\/IMG_2554-2048x1536.jpg 2048w, https:\/\/www.harmoniedunord.org\/wp-content\/uploads\/2025\/04\/IMG_2554-1140x855.jpg 1140w\" sizes=\"(max-width: 960px) 100vw, 960px\" \/>\t\t\t\t\t\t\t\t\t\t\t\t\t\t\t<\/div>\n\t\t\t\t<\/div>\n\t\t\t\t<div class=\"elementor-element elementor-element-b3b5eff elementor-widget elementor-widget-image\" data-id=\"b3b5eff\" data-element_type=\"widget\" data-e-type=\"widget\" data-widget_type=\"image.default\">\n\t\t\t\t<div class=\"elementor-widget-container\">\n\t\t\t\t\t\t\t\t\t\t\t\t\t\t\t<img loading=\"lazy\" decoding=\"async\" width=\"768\" height=\"1024\" src=\"https:\/\/www.harmoniedunord.org\/wp-content\/uploads\/2025\/04\/IMG_2550-768x1024.jpg\" class=\"attachment-large size-large wp-image-794\" alt=\"\" srcset=\"https:\/\/www.harmoniedunord.org\/wp-content\/uploads\/2025\/04\/IMG_2550-768x1024.jpg 768w, https:\/\/www.harmoniedunord.org\/wp-content\/uploads\/2025\/04\/IMG_2550-225x300.jpg 225w, https:\/\/www.harmoniedunord.org\/wp-content\/uploads\/2025\/04\/IMG_2550-1152x1536.jpg 1152w, https:\/\/www.harmoniedunord.org\/wp-content\/uploads\/2025\/04\/IMG_2550-1536x2048.jpg 1536w, https:\/\/www.harmoniedunord.org\/wp-content\/uploads\/2025\/04\/IMG_2550-1140x1520.jpg 1140w, https:\/\/www.harmoniedunord.org\/wp-content\/uploads\/2025\/04\/IMG_2550-scaled.jpg 1920w\" sizes=\"(max-width: 768px) 100vw, 768px\" \/>\t\t\t\t\t\t\t\t\t\t\t\t\t\t\t<\/div>\n\t\t\t\t<\/div>\n\t\t\t\t<div class=\"elementor-element elementor-element-fcaa2a4 elementor-widget elementor-widget-image\" data-id=\"fcaa2a4\" data-element_type=\"widget\" data-e-type=\"widget\" data-widget_type=\"image.default\">\n\t\t\t\t<div class=\"elementor-widget-container\">\n\t\t\t\t\t\t\t\t\t\t\t\t\t\t\t<img loading=\"lazy\" decoding=\"async\" width=\"768\" height=\"1024\" src=\"https:\/\/www.harmoniedunord.org\/wp-content\/uploads\/2025\/04\/IMG_2579-768x1024.jpg\" class=\"attachment-large size-large wp-image-798\" alt=\"\" srcset=\"https:\/\/www.harmoniedunord.org\/wp-content\/uploads\/2025\/04\/IMG_2579-768x1024.jpg 768w, https:\/\/www.harmoniedunord.org\/wp-content\/uploads\/2025\/04\/IMG_2579-225x300.jpg 225w, https:\/\/www.harmoniedunord.org\/wp-content\/uploads\/2025\/04\/IMG_2579-1152x1536.jpg 1152w, https:\/\/www.harmoniedunord.org\/wp-content\/uploads\/2025\/04\/IMG_2579-1536x2048.jpg 1536w, https:\/\/www.harmoniedunord.org\/wp-content\/uploads\/2025\/04\/IMG_2579-1140x1520.jpg 1140w, https:\/\/www.harmoniedunord.org\/wp-content\/uploads\/2025\/04\/IMG_2579-scaled.jpg 1920w\" sizes=\"(max-width: 768px) 100vw, 768px\" \/>\t\t\t\t\t\t\t\t\t\t\t\t\t\t\t<\/div>\n\t\t\t\t<\/div>\n\t\t\t\t\t<\/div>\n\t\t<\/div>\n\t\t\t\t<div class=\"elementor-column elementor-col-50 elementor-inner-column elementor-element elementor-element-0c74be1\" data-id=\"0c74be1\" data-element_type=\"column\" data-e-type=\"column\">\n\t\t\t<div class=\"elementor-widget-wrap elementor-element-populated\">\n\t\t\t\t\t\t<div class=\"elementor-element elementor-element-cf2aabe elementor-widget elementor-widget-image\" data-id=\"cf2aabe\" data-element_type=\"widget\" data-e-type=\"widget\" data-widget_type=\"image.default\">\n\t\t\t\t<div class=\"elementor-widget-container\">\n\t\t\t\t\t\t\t\t\t\t\t\t\t\t\t<img loading=\"lazy\" decoding=\"async\" width=\"768\" height=\"1024\" src=\"https:\/\/www.harmoniedunord.org\/wp-content\/uploads\/2025\/04\/IMG_2548-768x1024.jpg\" class=\"attachment-large size-large wp-image-793\" alt=\"\" srcset=\"https:\/\/www.harmoniedunord.org\/wp-content\/uploads\/2025\/04\/IMG_2548-768x1024.jpg 768w, https:\/\/www.harmoniedunord.org\/wp-content\/uploads\/2025\/04\/IMG_2548-225x300.jpg 225w, https:\/\/www.harmoniedunord.org\/wp-content\/uploads\/2025\/04\/IMG_2548-1152x1536.jpg 1152w, https:\/\/www.harmoniedunord.org\/wp-content\/uploads\/2025\/04\/IMG_2548-1536x2048.jpg 1536w, https:\/\/www.harmoniedunord.org\/wp-content\/uploads\/2025\/04\/IMG_2548-1140x1520.jpg 1140w, https:\/\/www.harmoniedunord.org\/wp-content\/uploads\/2025\/04\/IMG_2548-scaled.jpg 1920w\" sizes=\"(max-width: 768px) 100vw, 768px\" \/>\t\t\t\t\t\t\t\t\t\t\t\t\t\t\t<\/div>\n\t\t\t\t<\/div>\n\t\t\t\t<div class=\"elementor-element elementor-element-9536b33 elementor-widget elementor-widget-image\" data-id=\"9536b33\" data-element_type=\"widget\" data-e-type=\"widget\" data-widget_type=\"image.default\">\n\t\t\t\t<div class=\"elementor-widget-container\">\n\t\t\t\t\t\t\t\t\t\t\t\t\t\t\t<img loading=\"lazy\" decoding=\"async\" width=\"960\" height=\"720\" src=\"https:\/\/www.harmoniedunord.org\/wp-content\/uploads\/2025\/04\/IMG_2580-1024x768.jpg\" class=\"attachment-large size-large wp-image-799\" alt=\"\" srcset=\"https:\/\/www.harmoniedunord.org\/wp-content\/uploads\/2025\/04\/IMG_2580-1024x768.jpg 1024w, https:\/\/www.harmoniedunord.org\/wp-content\/uploads\/2025\/04\/IMG_2580-300x225.jpg 300w, https:\/\/www.harmoniedunord.org\/wp-content\/uploads\/2025\/04\/IMG_2580-768x576.jpg 768w, https:\/\/www.harmoniedunord.org\/wp-content\/uploads\/2025\/04\/IMG_2580-1536x1152.jpg 1536w, https:\/\/www.harmoniedunord.org\/wp-content\/uploads\/2025\/04\/IMG_2580-2048x1536.jpg 2048w, https:\/\/www.harmoniedunord.org\/wp-content\/uploads\/2025\/04\/IMG_2580-1140x855.jpg 1140w\" sizes=\"(max-width: 960px) 100vw, 960px\" \/>\t\t\t\t\t\t\t\t\t\t\t\t\t\t\t<\/div>\n\t\t\t\t<\/div>\n\t\t\t\t<div class=\"elementor-element elementor-element-facf9a4 elementor-widget elementor-widget-image\" data-id=\"facf9a4\" data-element_type=\"widget\" data-e-type=\"widget\" data-widget_type=\"image.default\">\n\t\t\t\t<div class=\"elementor-widget-container\">\n\t\t\t\t\t\t\t\t\t\t\t\t\t\t\t<img loading=\"lazy\" decoding=\"async\" width=\"768\" height=\"1024\" src=\"https:\/\/www.harmoniedunord.org\/wp-content\/uploads\/2025\/04\/IMG_2569-768x1024.jpg\" class=\"attachment-large size-large wp-image-797\" alt=\"\" srcset=\"https:\/\/www.harmoniedunord.org\/wp-content\/uploads\/2025\/04\/IMG_2569-768x1024.jpg 768w, https:\/\/www.harmoniedunord.org\/wp-content\/uploads\/2025\/04\/IMG_2569-225x300.jpg 225w, https:\/\/www.harmoniedunord.org\/wp-content\/uploads\/2025\/04\/IMG_2569-1152x1536.jpg 1152w, https:\/\/www.harmoniedunord.org\/wp-content\/uploads\/2025\/04\/IMG_2569-1536x2048.jpg 1536w, https:\/\/www.harmoniedunord.org\/wp-content\/uploads\/2025\/04\/IMG_2569-1140x1520.jpg 1140w, https:\/\/www.harmoniedunord.org\/wp-content\/uploads\/2025\/04\/IMG_2569-scaled.jpg 1920w\" sizes=\"(max-width: 768px) 100vw, 768px\" \/>\t\t\t\t\t\t\t\t\t\t\t\t\t\t\t<\/div>\n\t\t\t\t<\/div>\n\t\t\t\t\t<\/div>\n\t\t<\/div>\n\t\t\t\t\t<\/div>\n\t\t<\/section>\n\t\t\t\t\t<\/div>\n\t\t<\/div>\n\t\t\t\t\t<\/div>\n\t\t<\/section>\n\t\t\t\t<\/div>\n\t\t","protected":false},"excerpt":{"rendered":"<p>Concert Th\u00e9\u00e2tre Traversi\u00e8re &#8211; Mars 2024 Kiosques en F\u00eates &#8211; Juin 2024 Journ\u00e9es Europ\u00e9ennes du patrimoine &#8211; Gares du Nord et de l&rsquo;Est<\/p>\n","protected":false},"author":5,"featured_media":0,"parent":0,"menu_order":0,"comment_status":"closed","ping_status":"closed","template":"elementor_header_footer","meta":{"ngg_post_thumbnail":0,"footnotes":""},"class_list":["post-53","page","type-page","status-publish","hentry"],"_links":{"self":[{"href":"https:\/\/www.harmoniedunord.org\/index.php?rest_route=\/wp\/v2\/pages\/53","targetHints":{"allow":["GET"]}}],"collection":[{"href":"https:\/\/www.harmoniedunord.org\/index.php?rest_route=\/wp\/v2\/pages"}],"about":[{"href":"https:\/\/www.harmoniedunord.org\/index.php?rest_route=\/wp\/v2\/types\/page"}],"author":[{"embeddable":true,"href":"https:\/\/www.harmoniedunord.org\/index.php?rest_route=\/wp\/v2\/users\/5"}],"replies":[{"embeddable":true,"href":"https:\/\/www.harmoniedunord.org\/index.php?rest_route=%2Fwp%2Fv2%2Fcomments&post=53"}],"version-history":[{"count":24,"href":"https:\/\/www.harmoniedunord.org\/index.php?rest_route=\/wp\/v2\/pages\/53\/revisions"}],"predecessor-version":[{"id":914,"href":"https:\/\/www.harmoniedunord.org\/index.php?rest_route=\/wp\/v2\/pages\/53\/revisions\/914"}],"wp:attachment":[{"href":"https:\/\/www.harmoniedunord.org\/index.php?rest_route=%2Fwp%2Fv2%2Fmedia&parent=53"}],"curies":[{"name":"wp","href":"https:\/\/api.w.org\/{rel}","templated":true}]}}