{"id":76,"date":"2018-11-26T12:52:03","date_gmt":"2018-11-26T11:52:03","guid":{"rendered":"https:\/\/www.harmoniedunord.org\/wp\/?page_id=76"},"modified":"2026-05-10T16:52:01","modified_gmt":"2026-05-10T14:52:01","slug":"presentation-de-lharmonie","status":"publish","type":"page","link":"https:\/\/www.harmoniedunord.org\/?page_id=76","title":{"rendered":"Pr\u00e9sentation"},"content":{"rendered":"\t\t<div data-elementor-type=\"wp-page\" data-elementor-id=\"76\" class=\"elementor elementor-76\">\n\t\t\t\t\t\t<section class=\"elementor-section elementor-top-section elementor-element elementor-element-73080027 elementor-section-boxed elementor-section-height-default elementor-section-height-default wpr-particle-no wpr-jarallax-no wpr-parallax-no wpr-sticky-section-no wpr-column-slider-no wpr-equal-height-no\" data-id=\"73080027\" data-element_type=\"section\" data-e-type=\"section\">\n\t\t\t\t\t\t<div class=\"elementor-container elementor-column-gap-default\">\n\t\t\t\t\t<div class=\"elementor-column elementor-col-100 elementor-top-column elementor-element elementor-element-6401b907\" data-id=\"6401b907\" data-element_type=\"column\" data-e-type=\"column\">\n\t\t\t<div class=\"elementor-widget-wrap elementor-element-populated\">\n\t\t\t\t\t\t<div class=\"elementor-element elementor-element-1579d72 elementor-widget elementor-widget-text-editor\" data-id=\"1579d72\" data-element_type=\"widget\" data-e-type=\"widget\" data-widget_type=\"text-editor.default\">\n\t\t\t\t<div class=\"elementor-widget-container\">\n\t\t\t\t\t\t\t\t\t<p>\u00a0<\/p><p><img decoding=\"async\" class=\"wp-image-952 alignright\" src=\"https:\/\/www.harmoniedunord.org\/wp-content\/uploads\/2026\/05\/logo-uaicfhaute-definition-blanc1-300x91.png\" alt=\"\" width=\"149\" height=\"45\" srcset=\"https:\/\/www.harmoniedunord.org\/wp-content\/uploads\/2026\/05\/logo-uaicfhaute-definition-blanc1-300x91.png 300w, https:\/\/www.harmoniedunord.org\/wp-content\/uploads\/2026\/05\/logo-uaicfhaute-definition-blanc1-1024x312.png 1024w, https:\/\/www.harmoniedunord.org\/wp-content\/uploads\/2026\/05\/logo-uaicfhaute-definition-blanc1-768x234.png 768w, https:\/\/www.harmoniedunord.org\/wp-content\/uploads\/2026\/05\/logo-uaicfhaute-definition-blanc1-1536x468.png 1536w, https:\/\/www.harmoniedunord.org\/wp-content\/uploads\/2026\/05\/logo-uaicfhaute-definition-blanc1-2048x624.png 2048w, https:\/\/www.harmoniedunord.org\/wp-content\/uploads\/2026\/05\/logo-uaicfhaute-definition-blanc1-1140x347.png 1140w\" sizes=\"(max-width: 149px) 100vw, 149px\" \/><img decoding=\"async\" class=\" wp-image-90 aligncenter\" src=\"https:\/\/www.harmoniedunord.org\/wp-content\/uploads\/2018\/11\/logo-OHCF-site-300x300.png\" alt=\"\" width=\"218\" height=\"218\" srcset=\"https:\/\/www.harmoniedunord.org\/wp-content\/uploads\/2018\/11\/logo-OHCF-site-300x300.png 300w, https:\/\/www.harmoniedunord.org\/wp-content\/uploads\/2018\/11\/logo-OHCF-site-150x150.png 150w, https:\/\/www.harmoniedunord.org\/wp-content\/uploads\/2018\/11\/logo-OHCF-site.png 465w\" sizes=\"(max-width: 218px) 100vw, 218px\" \/><\/p><p>Les r\u00e9p\u00e9titions ont lieu le <strong><a href=\"https:\/\/www.harmoniedunord.org\/?page_id=53\">mercredi soir de 20h \u00e0 22h sur Paris 10\u00e8me<\/a>.\u00a0<\/strong><\/p><p>L&rsquo;orchestre d&rsquo;harmonie propose de nombreux concerts (<a href=\"https:\/\/www.youtube.com\/@ohcf9838\">notre cha\u00eene YouTube)<\/a>.<\/p><p>Parmi les activit\u00e9s de ces derni\u00e8res ann\u00e9es, on peut citer\u00a0:<\/p><p>Des <b>concerts de kiosques<\/b> : <a href=\"https:\/\/www.paris.fr\/evenements\/kiosques-en-fete-13390\">Kiosques en f\u00eates dans les parcs et jardins parisiens<\/a>\u00a0<\/p><p>Des concerts dans les Gare du Nord et de l&rsquo;Est dans le cadre des journ\u00e9es europ\u00e9ennes du patrimoine <a href=\"https:\/\/journeesdupatrimoine.culture.gouv.fr\/actualites\">JEP 2025<\/a><\/p><p>Des <b>concerts en salle<\/b> \u00e0 la Mairie du 10\u00e8me arrondissement \u00e0 Paris, \u00e0 <a href=\"https:\/\/paroissesvp.fr\/\">l&rsquo;Eglise St Vincent de Paul<\/a> et au\u00a0<a href=\"https:\/\/theatre-traversiere.fr\/\">Th\u00e9\u00e2tre Traversi\u00e8re<\/a><\/p><p>Des <b>animations de courses<\/b>\u00a0:<\/p><ul><li>Marathon de Paris, courses Paris-Versailles et la Parisienne<\/li><\/ul><p>Des animations dans le cadre des activit\u00e9s associatives dans le X\u00e8me <a href=\"https:\/\/mairie10.paris.fr\/pages\/bien-dans-mon-jardin-rendez-vous-le-25-mai-pour-re-decouvrir-le-jardin-marielle-franco-26958\">Bien dans son jardin en mai 2024<\/a>\u00a0<\/p><p>Des <b>participations \u00e0 des spectacles<\/b>\u00a0:<\/p><ul><li>Cl\u00f4ture de l&rsquo;exposition <em>\u00ab\u00a0le Train Capitale\u00a0\u00bb<\/em>, sur les Champs Elys\u00e9es, en juin 2003<\/li><li>\u00ab\u00a0Les habits du dimanche\u00a0\u00bb de Fran\u00e7ois Morel, au <a href=\"https:\/\/www.theatreonline.com\/Spectacle\/Les-habits-du-dimanche\/2681\">th\u00e9\u00e2tre de la Renaissance \u00e0 Paris<\/a>, et au th\u00e9\u00e2tre 71 \u00e0 Malakoff, en 2001<\/li><li>Spectacle avec une compagnie de danse belge\u00a0: Les ballets C de la BV2W, sur le th\u00e8me \u00ab\u00a0le nombre et l&rsquo;espace\u00a0\u00bb au centre Beaubourg<\/li><li>\u00ab\u00a0Le banquet de la Ste C\u00e9cile\u00a0\u00bb de <a href=\"http:\/\/jeanpierrebodin.com\/wp-content\/uploads\/2015\/08\/Le-Banquet.pdf\">J.P. Bodin<\/a>, au th\u00e9\u00e2tre de l&rsquo;Europ\u00e9en \u00e0 Paris, en avril 2000.<\/li><\/ul><p>Des <b>festivals d&rsquo;harmonie<\/b>\u00a0:<\/p><ul><li>Vents sur le canal : organisation d&rsquo;un festival d&rsquo;harmonies le long du canal St Martin \u00e0 Paris (de l&rsquo;automne 2001 \u00e0 2018)<\/li><li>Festival d&rsquo;harmonies cheminotes organis\u00e9 par l&rsquo;<a href=\"http:\/\/www.uaicf.asso.fr\/\" target=\"_blank\" rel=\"noopener noreferrer\">UAICF<\/a> (Union Artistique et Intellectuelle des Cheminots Fran\u00e7ais) ou la <a href=\"https:\/\/www.federationmusicaledeparis.com\/\">FMP (F\u00e9d\u00e9ration Musicale de Paris)<\/a>.<\/li><\/ul><p>Vous trouverez des informations sur nos prochains concerts sur notre page <a href=\"https:\/\/www.harmoniedunord.org\/\">ACCUEIL<\/a><\/p><p>L&rsquo;orchestre d&rsquo;harmonie\u00a0est affili\u00e9e \u00e0 la\u00a0FMP (F\u00e9d\u00e9ration Musicale de Paris) et \u00e0 l&rsquo;<a href=\"http:\/\/nord.uaicf.asso.fr\/\" target=\"_blank\" rel=\"noopener noreferrer\">UAICF Nord<\/a>, l&rsquo;un des comit\u00e9s de l&rsquo;<a href=\"http:\/\/www.uaicf.asso.fr\/\" target=\"_blank\" rel=\"noopener noreferrer\">UAICF<\/a>\u00a0(Union Artistique et Intellectuelle des Cheminots Fran\u00e7ais).<\/p><p>L&rsquo;OHCF est par ailleurs en contact avec d&rsquo;autres associations et harmonies\u00a0:<\/p><p>\u00a0<\/p><ul><li style=\"list-style-type: none\"><ul><li>l&rsquo;<a href=\"http:\/\/www.harmonie-la-renaissance.fr\/\" target=\"_blank\" rel=\"noopener noreferrer\">Harmonie \u00ab\u00a0La Renaissance\u00a0\u00bb<\/a> (75 &#8211; Paris Austerlitz)<\/li><li>l&rsquo;<a href=\"http:\/\/amclongueau.free.fr\/\" target=\"_blank\" rel=\"noopener noreferrer\">Avenir Musical des Cheminots de Longueau<\/a> (80 &#8211; Somme)<\/li><li>L&rsquo;Union Musicale de Chelles (77)<\/li><\/ul><\/li><\/ul><p>\u00a0<\/p><p>Des <strong>moments conviviaux<\/strong> :<\/p><ul><li>Repas annuel lors de l&rsquo;AGO<\/li><li>Sainte-C\u00e9cile<\/li><li>Pique Nique<\/li><li>Galette<\/li><li>et encore bien d&rsquo;autres !\u00a0<\/li><\/ul>\t\t\t\t\t\t\t\t<\/div>\n\t\t\t\t<\/div>\n\t\t\t\t\t<\/div>\n\t\t<\/div>\n\t\t\t\t\t<\/div>\n\t\t<\/section>\n\t\t\t\t<\/div>\n\t\t","protected":false},"excerpt":{"rendered":"<p>\u00a0 Les r\u00e9p\u00e9titions ont lieu le mercredi soir de 20h \u00e0 22h sur Paris 10\u00e8me.\u00a0 L&rsquo;orchestre d&rsquo;harmonie propose de nombreux concerts (notre cha\u00eene YouTube). Parmi les activit\u00e9s de ces derni\u00e8res ann\u00e9es, on peut citer\u00a0: Des concerts de kiosques : Kiosques en f\u00eates dans les parcs et jardins parisiens\u00a0 Des concerts dans les Gare du Nord et de l&rsquo;Est dans le cadre des journ\u00e9es europ\u00e9ennes du patrimoine JEP 2025 Des concerts en salle \u00e0 la Mairie du 10\u00e8me arrondissement \u00e0 Paris, \u00e0 l&rsquo;Eglise St Vincent de Paul et au\u00a0Th\u00e9\u00e2tre Traversi\u00e8re Des animations de courses\u00a0: Marathon de Paris, courses Paris-Versailles et la Parisienne Des animations dans le cadre des activit\u00e9s associatives dans le X\u00e8me Bien dans son jardin en mai 2024\u00a0 Des participations \u00e0 des spectacles\u00a0: Cl\u00f4ture de l&rsquo;exposition \u00ab\u00a0le Train Capitale\u00a0\u00bb, sur les Champs Elys\u00e9es, en juin 2003 \u00ab\u00a0Les habits du dimanche\u00a0\u00bb de Fran\u00e7ois Morel, au th\u00e9\u00e2tre de la Renaissance \u00e0 Paris, et au th\u00e9\u00e2tre 71 \u00e0 Malakoff, en 2001 Spectacle avec une compagnie de danse belge\u00a0: Les ballets C de la BV2W, sur le th\u00e8me \u00ab\u00a0le nombre et l&rsquo;espace\u00a0\u00bb au centre Beaubourg \u00ab\u00a0Le banquet de la Ste C\u00e9cile\u00a0\u00bb de J.P. Bodin, au th\u00e9\u00e2tre de l&rsquo;Europ\u00e9en \u00e0 Paris, en avril 2000. Des festivals d&rsquo;harmonie\u00a0: Vents sur le canal : organisation d&rsquo;un festival d&rsquo;harmonies le long du canal St Martin \u00e0 Paris (de l&rsquo;automne 2001 \u00e0 2018) Festival d&rsquo;harmonies cheminotes organis\u00e9 par l&rsquo;UAICF (Union Artistique et Intellectuelle des Cheminots Fran\u00e7ais) ou la FMP (F\u00e9d\u00e9ration Musicale de Paris). Vous trouverez des informations sur nos prochains concerts sur notre page ACCUEIL L&rsquo;orchestre d&rsquo;harmonie\u00a0est affili\u00e9e \u00e0 la\u00a0FMP (F\u00e9d\u00e9ration Musicale de Paris) et \u00e0 l&rsquo;UAICF Nord, l&rsquo;un des comit\u00e9s de l&rsquo;UAICF\u00a0(Union Artistique et Intellectuelle des Cheminots Fran\u00e7ais). L&rsquo;OHCF est par ailleurs en contact avec d&rsquo;autres associations et harmonies\u00a0: \u00a0 l&rsquo;Harmonie \u00ab\u00a0La Renaissance\u00a0\u00bb (75 &#8211; Paris Austerlitz) l&rsquo;Avenir Musical des Cheminots de Longueau (80 &#8211; Somme) L&rsquo;Union Musicale de Chelles (77) \u00a0 Des moments conviviaux : Repas annuel lors de l&rsquo;AGO Sainte-C\u00e9cile Pique Nique Galette et encore bien d&rsquo;autres !\u00a0<\/p>\n","protected":false},"author":5,"featured_media":0,"parent":0,"menu_order":1,"comment_status":"closed","ping_status":"closed","template":"elementor_header_footer","meta":{"ngg_post_thumbnail":0,"footnotes":""},"class_list":["post-76","page","type-page","status-publish","hentry"],"_links":{"self":[{"href":"https:\/\/www.harmoniedunord.org\/index.php?rest_route=\/wp\/v2\/pages\/76","targetHints":{"allow":["GET"]}}],"collection":[{"href":"https:\/\/www.harmoniedunord.org\/index.php?rest_route=\/wp\/v2\/pages"}],"about":[{"href":"https:\/\/www.harmoniedunord.org\/index.php?rest_route=\/wp\/v2\/types\/page"}],"author":[{"embeddable":true,"href":"https:\/\/www.harmoniedunord.org\/index.php?rest_route=\/wp\/v2\/users\/5"}],"replies":[{"embeddable":true,"href":"https:\/\/www.harmoniedunord.org\/index.php?rest_route=%2Fwp%2Fv2%2Fcomments&post=76"}],"version-history":[{"count":51,"href":"https:\/\/www.harmoniedunord.org\/index.php?rest_route=\/wp\/v2\/pages\/76\/revisions"}],"predecessor-version":[{"id":958,"href":"https:\/\/www.harmoniedunord.org\/index.php?rest_route=\/wp\/v2\/pages\/76\/revisions\/958"}],"wp:attachment":[{"href":"https:\/\/www.harmoniedunord.org\/index.php?rest_route=%2Fwp%2Fv2%2Fmedia&parent=76"}],"curies":[{"name":"wp","href":"https:\/\/api.w.org\/{rel}","templated":true}]}}