{"id":82,"date":"2018-11-26T13:21:39","date_gmt":"2018-11-26T12:21:39","guid":{"rendered":"https:\/\/www.harmoniedunord.org\/wp\/?page_id=82"},"modified":"2025-04-08T12:04:19","modified_gmt":"2025-04-08T10:04:19","slug":"contactez-nous","status":"publish","type":"page","link":"https:\/\/www.harmoniedunord.org\/?page_id=82","title":{"rendered":"Contactez-nous"},"content":{"rendered":"\t\t<div data-elementor-type=\"wp-page\" data-elementor-id=\"82\" class=\"elementor elementor-82\">\n\t\t\t\t\t\t<section class=\"elementor-section elementor-top-section elementor-element elementor-element-4d735ef5 elementor-section-boxed elementor-section-height-default elementor-section-height-default wpr-particle-no wpr-jarallax-no wpr-parallax-no wpr-sticky-section-no wpr-equal-height-no\" data-id=\"4d735ef5\" data-element_type=\"section\" data-e-type=\"section\">\n\t\t\t\t\t\t<div class=\"elementor-container elementor-column-gap-default\">\n\t\t\t\t\t<div class=\"elementor-column elementor-col-100 elementor-top-column elementor-element elementor-element-2fb5962c\" data-id=\"2fb5962c\" data-element_type=\"column\" data-e-type=\"column\">\n\t\t\t<div class=\"elementor-widget-wrap elementor-element-populated\">\n\t\t\t\t\t\t<div class=\"elementor-element elementor-element-6067dee3 elementor-widget elementor-widget-text-editor\" data-id=\"6067dee3\" data-element_type=\"widget\" data-e-type=\"widget\" data-widget_type=\"text-editor.default\">\n\t\t\t\t<div class=\"elementor-widget-container\">\n\t\t\t\t\t\t\t\t\t<p><strong>Vous \u00eates musiciens, vous souhaitez rejoindre l\u2019OHCF<\/strong>, avoir des informations compl\u00e9mentaires sur notre fonctionnement ou encore assister \u00e0 une r\u00e9p\u00e9tition ?<\/p><p><strong>Vous \u00eates int\u00e9ress\u00e9s par une prestation de l&rsquo;OHCF\u00a0<\/strong>: manifestation sportive ou festive, concert en salle, animation de spectacles ?<\/p><p>ou vous souhaitez tout simplement <strong>\u00eatre pr\u00e9venu<\/strong> de nos prochains concerts et manifestations ?<\/p><p>Alors &#8230;. contactez-nous :<\/p><ul><li>Par t\u00e9l\u00e9phone au 06 07 53 16 05.<\/li><li>Par email <a href=\"mailto:secretaire-ohcf@harmoniedunord.org\">ici.<\/a><\/li><\/ul><p>Nous vous r\u00e9pondrons rapidement et avec grand plaisir !<\/p><p>\u00a0<\/p>\t\t\t\t\t\t\t\t<\/div>\n\t\t\t\t<\/div>\n\t\t\t\t\t<\/div>\n\t\t<\/div>\n\t\t\t\t\t<\/div>\n\t\t<\/section>\n\t\t\t\t<section class=\"elementor-section elementor-top-section elementor-element elementor-element-3c431c9 elementor-section-boxed elementor-section-height-default elementor-section-height-default wpr-particle-no wpr-jarallax-no wpr-parallax-no wpr-sticky-section-no wpr-equal-height-no\" data-id=\"3c431c9\" data-element_type=\"section\" data-e-type=\"section\">\n\t\t\t\t\t\t<div class=\"elementor-container elementor-column-gap-default\">\n\t\t\t\t\t<div class=\"elementor-column elementor-col-100 elementor-top-column elementor-element elementor-element-09ab6c5\" data-id=\"09ab6c5\" data-element_type=\"column\" data-e-type=\"column\">\n\t\t\t<div class=\"elementor-widget-wrap elementor-element-populated\">\n\t\t\t\t\t\t<div class=\"elementor-element elementor-element-2ace5e2 elementor-widget elementor-widget-image\" data-id=\"2ace5e2\" data-element_type=\"widget\" data-e-type=\"widget\" data-widget_type=\"image.default\">\n\t\t\t\t<div class=\"elementor-widget-container\">\n\t\t\t\t\t\t\t\t\t\t\t\t\t\t\t<img fetchpriority=\"high\" decoding=\"async\" width=\"960\" height=\"540\" src=\"https:\/\/www.harmoniedunord.org\/wp-content\/uploads\/2025\/04\/Galette-2025-le-Roi-et-ses-reines-1024x576.jpg\" class=\"attachment-large size-large wp-image-744\" alt=\"\" srcset=\"https:\/\/www.harmoniedunord.org\/wp-content\/uploads\/2025\/04\/Galette-2025-le-Roi-et-ses-reines-1024x576.jpg 1024w, https:\/\/www.harmoniedunord.org\/wp-content\/uploads\/2025\/04\/Galette-2025-le-Roi-et-ses-reines-300x169.jpg 300w, https:\/\/www.harmoniedunord.org\/wp-content\/uploads\/2025\/04\/Galette-2025-le-Roi-et-ses-reines-768x432.jpg 768w, https:\/\/www.harmoniedunord.org\/wp-content\/uploads\/2025\/04\/Galette-2025-le-Roi-et-ses-reines-1536x864.jpg 1536w, https:\/\/www.harmoniedunord.org\/wp-content\/uploads\/2025\/04\/Galette-2025-le-Roi-et-ses-reines-1140x641.jpg 1140w, https:\/\/www.harmoniedunord.org\/wp-content\/uploads\/2025\/04\/Galette-2025-le-Roi-et-ses-reines.jpg 1920w\" sizes=\"(max-width: 960px) 100vw, 960px\" \/>\t\t\t\t\t\t\t\t\t\t\t\t\t\t\t<\/div>\n\t\t\t\t<\/div>\n\t\t\t\t\t<\/div>\n\t\t<\/div>\n\t\t\t\t\t<\/div>\n\t\t<\/section>\n\t\t\t\t<\/div>\n\t\t","protected":false},"excerpt":{"rendered":"<p>Vous \u00eates musiciens, vous souhaitez rejoindre l\u2019OHCF, avoir des informations compl\u00e9mentaires sur notre fonctionnement ou encore assister \u00e0 une r\u00e9p\u00e9tition ? Vous \u00eates int\u00e9ress\u00e9s par une prestation de l&rsquo;OHCF\u00a0: manifestation sportive ou festive, concert en salle, animation de spectacles ? ou vous souhaitez tout simplement \u00eatre pr\u00e9venu de nos prochains concerts et manifestations ? Alors &#8230;. contactez-nous : Par t\u00e9l\u00e9phone au 06 07 53 16 05. Par email ici. Nous vous r\u00e9pondrons rapidement et avec grand plaisir ! \u00a0<\/p>\n","protected":false},"author":5,"featured_media":0,"parent":0,"menu_order":6,"comment_status":"closed","ping_status":"closed","template":"elementor_header_footer","meta":{"ngg_post_thumbnail":0,"footnotes":""},"class_list":["post-82","page","type-page","status-publish","hentry"],"_links":{"self":[{"href":"https:\/\/www.harmoniedunord.org\/index.php?rest_route=\/wp\/v2\/pages\/82","targetHints":{"allow":["GET"]}}],"collection":[{"href":"https:\/\/www.harmoniedunord.org\/index.php?rest_route=\/wp\/v2\/pages"}],"about":[{"href":"https:\/\/www.harmoniedunord.org\/index.php?rest_route=\/wp\/v2\/types\/page"}],"author":[{"embeddable":true,"href":"https:\/\/www.harmoniedunord.org\/index.php?rest_route=\/wp\/v2\/users\/5"}],"replies":[{"embeddable":true,"href":"https:\/\/www.harmoniedunord.org\/index.php?rest_route=%2Fwp%2Fv2%2Fcomments&post=82"}],"version-history":[{"count":15,"href":"https:\/\/www.harmoniedunord.org\/index.php?rest_route=\/wp\/v2\/pages\/82\/revisions"}],"predecessor-version":[{"id":747,"href":"https:\/\/www.harmoniedunord.org\/index.php?rest_route=\/wp\/v2\/pages\/82\/revisions\/747"}],"wp:attachment":[{"href":"https:\/\/www.harmoniedunord.org\/index.php?rest_route=%2Fwp%2Fv2%2Fmedia&parent=82"}],"curies":[{"name":"wp","href":"https:\/\/api.w.org\/{rel}","templated":true}]}}